{"id":197,"date":"2014-01-30T13:18:37","date_gmt":"2014-01-30T13:18:37","guid":{"rendered":"http:\/\/wp.videoconference-interpreting.net\/?page_id=197"},"modified":"2018-04-07T17:07:02","modified_gmt":"2018-04-07T17:07:02","slug":"publications","status":"publish","type":"page","link":"https:\/\/videoconference-interpreting.net\/?page_id=197","title":{"rendered":"Articles and chapters"},"content":{"rendered":"<p>The following aricles and book chapters have been\/will be published by members of the AVIDICUS consortium:<\/p>\n<h3>2018<\/h3>\n<p>Balogh, K., Salaets, H. (2017). Videoconferencing in legal context: a comparative study of simulated and real-life settings. In J. Napier,\u00a0S. Braun &amp;\u00a0 R. Skinner (Eds.), in preparation.<\/p>\n<p>Braun, S., Davitti, E., Dicerto, S. (2017). Video-mediated interpreting in legal settings: Assessing the implementation. In J. Napier,\u00a0S. Braun &amp;\u00a0 R. Skinner (Eds.), in preparation.<\/p>\n<p>Licoppe, C. &amp; Veyrier, C.A. (2017). Managing remote documents and participants in the courtroom during video-mediated hearings. In J. Napier,\u00a0S. Braun &amp;\u00a0 R. Skinner (Eds.), in preparation.<\/p>\n<p>Napier, J., Braun, S., Skinner, R. (Eds) 2017). <em>Here or there: Research on remote interpreting<\/em>. Washington: Gallaudet Press, in preparation.<\/p>\n<h3>2017<\/h3>\n<p>Braun, S. (2017). <a href=\"https:\/\/www.academia.edu\/17561053\/What_a_micro-analytical_investigation_of_additions_and_expansions_in_remote_interpreting_can_tell_us_about_interpreter_s_participation_in_a_shared_virtual_space\" target=\"_blank\" rel=\"noopener\">What a micro-analytical investigation of additions and expansions in remote interpreting can tell us about interpreter\u2019s participation in a shared virtual space<\/a>. <em>Journal of Pragmatics<\/em> 107, 165-177 (Special Issue \u201cParticipation in Interpreter-Mediated Interaction\u201d, guest-edited by M. Biagini, E. Davitti, A. Sandrelli).<\/p>\n<p>&nbsp;<\/p>\n<h3>2016<\/h3>\n<p>Braun, S. (2016). <a href=\"http:\/\/www.understandingjusticeproject.com\/assets\/uj_report.pdf\" target=\"_blank\" rel=\"noopener\">Videoconferencing as a tool for bilingual mediation<\/a>. In B. Townsley (Ed.), Understanding Justice: An enquiry into interpreting in civil justice and mediation. London: Middlesex University.<\/p>\n<p>Braun, S. &amp; Balogh, K. (2016). <a href=\"https:\/\/www.academia.edu\/29703402\/2016_Bilingual_videoconferencing_in_legal_proceedings_Findings_from_the_AVIDICUS_projects_Warsaw_conference_\" target=\"_blank\" rel=\"noopener\">Bilingual videoconferencing in legal proceedings: Findings from the AVIDICUS projects<\/a>. Proceedings of the Conference on Electronic protocol &#8211; an opportunity for a transparent and fast process, Warsaw May 2015. Warsaw: Ministry of Justice of Poland.<\/p>\n<p>Braun, S. (2016). <a href=\"http:\/\/www.academia.edu\/24694081\/2016_The_European_AVIDICUS_projects_Collaborating_to_assess_the_viability_of_video-mediated_interpreting_in_legal_proceedings\" target=\"_blank\" rel=\"noopener\">The European AVIDICUS projects: Collaborating to assess the viability of video-mediated interpreting in legal proceedings<\/a>. <em>European Journal of Applied Linguistics<\/em>, 1-7.<\/p>\n<h3>2015<\/h3>\n<p>Braun, S. (2015). <a href=\"https:\/\/www.academia.edu\/13895472\/Remote_Interpreting\" target=\"_blank\" rel=\"noopener\">Remote Interpreting<\/a>. In Mikkelson, H, &amp; Jourdenais, R (Eds.), <em>Routledge Handbook of Interpreting<\/em> (pp. 352-367). New York: Routledge.<\/p>\n<p>Braun, S. (2015). Videoconference Interpreting. In P\u00f6chhacker, F, Grbic, N, Mead, P, &amp; Setton, R (Eds.), <em>Routledge Encyclopedia of Interpreting Studies<\/em>. New York: Routledge.<\/p>\n<p>Braun, S. (2015). Remote Interpreting. In P\u00f6chhacker, F, Grbic, N, Mead, P, &amp; Setton, R (Eds.), <em>Routledge Encyclopedia of Interpreting Studies<\/em>. New York: Routledge.<\/p>\n<p>Licoppe, C. &amp; Verdier, M. (2015).\u00a0 L\u2019interpr\u00e9tariat par visioconf\u00e9rence au sein des chambres de l\u2019instruction en France: une \u00e9tude conversationnelle de l\u2019activit\u00e9 d\u2019interpr\u00e9tariat dans un dispositif interactionnel m\u00e9diatis\u00e9. <em>Langage et soci\u00e9t\u00e9<\/em> 153(3), 109\u2013131.<\/p>\n<h3>2014<\/h3>\n<p>Braun, S. (2014). <a href=\"https:\/\/www.academia.edu\/13896699\/Comparing_traditional_and_remote_interpreting_in_police_settings_quality_and_impact_factors\" target=\"_blank\" rel=\"noopener\">Comparing traditional and remote interpreting in police settings: quality and impact factors<\/a>. In Viezzi, M, &amp; Falbo, C (Eds.), <em>Traduzione e interpretazione per la societ\u00e0 e le istituzioni<\/em> (pp. 161-176). Trieste: Edizioni Universit\u00e0 di Trieste.<\/p>\n<p>Braun, S., Sandrelli, A. &amp; Townsley, B. (2014). <a href=\"http:\/\/www.qualitas-project.eu\/sites\/qualitas-project.eu\/files\/the_qualitas_project_web.pdf\" target=\"_blank\" rel=\"noopener\">Technological support for testing<\/a>. In C. Giambruno (Ed.), <em>Assessing legal interpreter quality through testing and certification: the QUALITAS project<\/em> (pp. 109-139). Alicante: Publicaciones de Alicante.<\/p>\n<h3>2013<\/h3>\n<p>Braun S. (2013) <a href=\"http:\/\/www.academia.edu\/6935321\/2013_Keep_your_distance_Remote_interpreting_in_legal_proceedings_A_critical_assessment_of_a_growing_practice\" target=\"_blank\" rel=\"noopener\">Keep your distance? Remote interpreting in legal proceedings: A critical assessment of a growing practice<\/a>. <cite>Interpreting <\/cite>15 (2), 200-228.<\/p>\n<p>Licoppe, C. &amp; Verdier, M. (2013). Interpreting, video communication and the sequential reshaping of institutional talk in the bilingual and distributed courtroom. <em>Int. J. Speech Lang. Law<\/em> 20, 247&#8211;276.<\/p>\n<h3>2012<\/h3>\n<p>Balogh, K. &amp; Hertog, E. (2012). <a href=\"https:\/\/www.videoconference-interpreting.net\/wp-content\/uploads\/2014\/04\/06_Balogh_Hertog.pdf\" target=\"_blank\" rel=\"noopener\">AVIDICUS comparative studies &#8211; part II: Traditional, videoconference and remote interpreting in police interviews<\/a>. In Braun, S. &amp; J. Taylor (Eds), 119-136.<\/p>\n<p>Braun, S. (2012). <a href=\"https:\/\/www.videoconference-interpreting.net\/wp-admin\/post.php?post=289&amp;action=edit\" target=\"_blank\" rel=\"noopener\">Recommendations for the use of video-mediated interpreting in criminal proceedings<\/a>. In Braun, S. &amp; J. Taylor (Eds), 301-328.<\/p>\n<p>Braun, S. &amp; J. Taylor (Eds.) (2012a). <i><a href=\"https:\/\/www.videoconference-interpreting.net\/?page_id=27\" target=\"_blank\" rel=\"noopener\">Videoconference and remote interpreting in criminal proceedings<\/a>.<\/i> Antwerp: Intersentia.<\/p>\n<p>Braun, S. &amp; Taylor, J. (2012b). <a href=\"https:\/\/www.videoconference-interpreting.net\/wp-content\/uploads\/2014\/04\/03_Braun_Taylor_current_pr_res.pdf\" target=\"_blank\" rel=\"noopener\">Video-mediated interpreting: an overview of current practice and research<\/a>. In Braun, S &amp; J Taylor (Eds), 33-68.<\/p>\n<p>Braun, S. &amp; Taylor, J. (2012c).<a href=\"https:\/\/www.videoconference-interpreting.net\/wp-content\/uploads\/2014\/04\/04_Braun_Taylor_surveys.pdf\" target=\"_blank\" rel=\"noopener\">Video-mediated interpreting in criminal proceedings: two European surveys<\/a>. In Braun, S &amp; J Taylor (Eds), 69-98.<\/p>\n<p>Braun, S. &amp; Taylor, J. (2012d). <a href=\"https:\/\/www.videoconference-interpreting.net\/wp-content\/uploads\/2014\/04\/05_Braun_Taylor_comp_study.pdf\" target=\"_blank\" rel=\"noopener\">AVIDICUS comparative studies \u2013 part I: Traditional interpreting and remote interpreting in police interviews<\/a>. In Braun, S &amp; J Taylor (Eds), 99-118.<\/p>\n<p>Braun, S., Taylor, J., Miler-Cassino, J., Rybinska, Z., Balogh, K., Hertog, E., Vanden Bosch, Y., Rombouts, D. (2012). <a href=\"https:\/\/www.videoconference-interpreting.net\/wp-content\/uploads\/2016\/08\/12_Braun_et_al_training.pdf\" target=\"_blank\" rel=\"noopener\">Training in video-mediated interpreting in criminal proceedings: modules for interpreting students, legal interpreters and legal practitioners<\/a>. In S Braun &amp; J Taylor (Eds), 137-159.<\/p>\n<p>Corsellis, A. (2012). <a href=\"https:\/\/www.videoconference-interpreting.net\/wp-content\/uploads\/2014\/04\/13_Corsellis.pdf\" target=\"_blank\" rel=\"noopener\">AVIDICUS: Conclusions and implications<\/a>. In Braun, S. &amp; J. Taylor (Eds), 255-264.<\/p>\n<p>Miler-Cassino, J. &amp; Rybinska, Z. (2012). <a href=\"https:\/\/www.videoconference-interpreting.net\/wp-content\/uploads\/2014\/04\/07_Miler-Cassino_Rybinska.pdf\" target=\"_blank\" rel=\"noopener\">AVIDICUS comparative studies &#8211; part III: Traditional interpreting and videoconference interpreting in prosecution interviews<\/a>. In Braun, S. &amp; J. Taylor (Eds), 117-136.<\/p>\n<p>Rombouts, D. (2012).<a href=\"https:\/\/www.videoconference-interpreting.net\/wp-content\/uploads\/2014\/04\/08_Rombouts.pdf\" target=\"_blank\" rel=\"noopener\">The police interview using videoconferencing with a legal interpreter: a critical view from the perspective of interview techniques<\/a>. Braun, S. &amp; J. Taylor (Eds), 159-166.<\/p>\n<p>Van den Hoogen, R. &amp; Van Rotterdam, P. (2012). <a href=\"https:\/\/www.videoconference-interpreting.net\/wp-content\/uploads\/2014\/04\/10_vanRotterdam_vandenHoogen.pdf\" target=\"_blank\" rel=\"noopener\">True-to-life requirements for using videoconferencing in legal proceedings<\/a>. In Braun, S. &amp; J. Taylor (Eds), 215-226.<\/p>\n<p>Van der Vlis, E. (2012). <a href=\"https:\/\/www.videoconference-interpreting.net\/wp-content\/uploads\/2014\/04\/02_vanderVlis.pdf\" target=\"_blank\" rel=\"noopener\">Videoconferencing in criminal proceedings<\/a>. In S Braun &amp; J Taylor (Eds), 13-32.<\/p>\n<h3>2007<\/h3>\n<p>Braun, S. (2007). <a href=\"http:\/\/www.academia.edu\/6935574\/2007_Interpreting_in_small-group_bilingual_videoconferences_Challenges_and_adaptation_processes\" target=\"_blank\" rel=\"noopener\">Interpreting in small-group bilingual videoconferences: Challenges and adaptation processes<\/a>. <i>Interpreting<\/i> 9 (1), 21-46.<\/p>\n<h3>2006<\/h3>\n<p>Braun, S. (2006). <a href=\"http:\/\/www.academia.edu\/6935573\/2006_Multimedia_communication_technologies_and_their_impact_on_interpreting\" target=\"_blank\" rel=\"noopener\">Multimedia communication technologies and their impact on interpreting<\/a>. In M. Carroll, H. Gerzymisch-Arbogast &amp; S. Nauert (Eds), <i>Audiovisual Translation Scenarios. Proceedings of the Marie Curie Euroconferences MuTra: Audiovisual Translation Scenarios Copenhagen, 1-5 May 2006<\/i>.<\/p>\n<h3>2004<\/h3>\n<p>Braun, S. (2004). <i>Kommunikation unter widrigen Umst\u00e4nden? Fallstudien zu einsprachigen und gedolmetschten Videokonferenzen. <\/i>T\u00fcbingen: Gunter Narr.<\/p>\n<p>&nbsp;<\/p>\n","protected":false},"excerpt":{"rendered":"<p>The following aricles and book chapters have been\/will be published by members of the AVIDICUS consortium: 2018 Balogh, K., Salaets, H. (2017). Videoconferencing in legal context: a comparative study of simulated and real-life settings. In J. Napier,\u00a0S. Braun &amp;\u00a0 R. Skinner (Eds.), in preparation. Braun, S., Davitti, E., Dicerto, S. (2017). Video-mediated interpreting in legal [&hellip;]<\/p>\n","protected":false},"author":1,"featured_media":0,"parent":443,"menu_order":0,"comment_status":"closed","ping_status":"open","template":"template-sidebar-left.php","meta":{"footnotes":""},"class_list":["post-197","page","type-page","status-publish","hentry"],"_links":{"self":[{"href":"https:\/\/videoconference-interpreting.net\/index.php?rest_route=\/wp\/v2\/pages\/197","targetHints":{"allow":["GET"]}}],"collection":[{"href":"https:\/\/videoconference-interpreting.net\/index.php?rest_route=\/wp\/v2\/pages"}],"about":[{"href":"https:\/\/videoconference-interpreting.net\/index.php?rest_route=\/wp\/v2\/types\/page"}],"author":[{"embeddable":true,"href":"https:\/\/videoconference-interpreting.net\/index.php?rest_route=\/wp\/v2\/users\/1"}],"replies":[{"embeddable":true,"href":"https:\/\/videoconference-interpreting.net\/index.php?rest_route=%2Fwp%2Fv2%2Fcomments&post=197"}],"version-history":[{"count":25,"href":"https:\/\/videoconference-interpreting.net\/index.php?rest_route=\/wp\/v2\/pages\/197\/revisions"}],"predecessor-version":[{"id":626,"href":"https:\/\/videoconference-interpreting.net\/index.php?rest_route=\/wp\/v2\/pages\/197\/revisions\/626"}],"up":[{"embeddable":true,"href":"https:\/\/videoconference-interpreting.net\/index.php?rest_route=\/wp\/v2\/pages\/443"}],"wp:attachment":[{"href":"https:\/\/videoconference-interpreting.net\/index.php?rest_route=%2Fwp%2Fv2%2Fmedia&parent=197"}],"curies":[{"name":"wp","href":"https:\/\/api.w.org\/{rel}","templated":true}]}}